{"id":44,"date":"2025-07-30T18:35:40","date_gmt":"2025-07-30T15:35:40","guid":{"rendered":"https:\/\/alfatemizlikhizmetleri.com\/?page_id=44"},"modified":"2025-07-31T01:21:29","modified_gmt":"2025-07-30T22:21:29","slug":"hakkimizda","status":"publish","type":"page","link":"https:\/\/alfatemizlikhizmetleri.com\/index.php\/hakkimizda\/","title":{"rendered":"Hakk\u0131m\u0131zda"},"content":{"rendered":"\n<figure class=\"wp-block-image aligncenter size-full is-resized\"><img loading=\"lazy\" decoding=\"async\" width=\"512\" height=\"512\" src=\"https:\/\/alfatemizlikhizmetleri.com\/wp-content\/uploads\/2025\/07\/20250730_175358_0000.png\" alt=\"\" class=\"wp-image-38\" style=\"width:490px;height:auto\" srcset=\"https:\/\/alfatemizlikhizmetleri.com\/wp-content\/uploads\/2025\/07\/20250730_175358_0000.png 512w, https:\/\/alfatemizlikhizmetleri.com\/wp-content\/uploads\/2025\/07\/20250730_175358_0000-300x300.png 300w, https:\/\/alfatemizlikhizmetleri.com\/wp-content\/uploads\/2025\/07\/20250730_175358_0000-150x150.png 150w\" sizes=\"auto, (max-width: 512px) 100vw, 512px\" \/><\/figure>\n\n\n\n<h2 class=\"wp-block-heading\">Hakk\u0131m\u0131zda<\/h2>\n\n\n\n<p>ALFA Temizlik Hizmetleri olarak temizlik anlay\u0131\u015f\u0131m\u0131z\u0131; g\u00fcven, titizlik ve m\u00fc\u015fteri memnuniyeti \u00fczerine kurduk. Ev ve i\u015f yerlerinizi hijyenik, ferah ve ya\u015fanabilir alanlara d\u00f6n\u00fc\u015ft\u00fcrmek i\u00e7in profesyonel \u00e7\u00f6z\u00fcmler sunuyoruz.<\/p>\n\n\n\n<p>Kuruldu\u011fumuz g\u00fcnden bu yana, alan\u0131nda deneyimli ve g\u00fcler y\u00fczl\u00fc ekibimizle ev temizli\u011fi, hal\u0131fleks y\u0131kama ve koltuk y\u0131kama hizmetlerinde kalite standartlar\u0131n\u0131 her ge\u00e7en g\u00fcn daha da y\u00fckseltiyoruz. Kulland\u0131\u011f\u0131m\u0131z temizlik \u00fcr\u00fcnleri, \u00e7evreye ve sa\u011fl\u0131\u011fa duyarl\u0131 olup, insan sa\u011fl\u0131\u011f\u0131na zarar vermeyen i\u00e7eriklere sahiptir.<\/p>\n\n\n\n<p>M\u00fc\u015fterilerimizin ihtiya\u00e7lar\u0131n\u0131 dikkatle dinliyor, her alana \u00f6zel temizlik \u00e7\u00f6z\u00fcmleri geli\u015ftiriyoruz. Zaman\u0131nda ve eksiksiz hizmet anlay\u0131\u015f\u0131m\u0131zla, memnuniyetinizi her \u015feyin \u00f6n\u00fcnde tutuyoruz.<\/p>\n\n\n\n<p>Neden ALFA Temizlik Hizmetleri?<\/p>\n\n\n\n<ul class=\"wp-block-list\">\n<li>G\u00fcvenilir ve deneyimli ekip<\/li>\n<\/ul>\n\n\n\n<ul class=\"wp-block-list\">\n<li>Hijyenik ve sa\u011fl\u0131kl\u0131 temizlik \u00fcr\u00fcnleri<\/li>\n<\/ul>\n\n\n\n<ul class=\"wp-block-list\">\n<li>Yerinde hizmet ve zaman\u0131nda teslim<\/li>\n<\/ul>\n\n\n\n<ul class=\"wp-block-list\">\n<li>Uygun fiyat politikas\u0131<\/li>\n<\/ul>\n\n\n\n<ul class=\"wp-block-list\">\n<li>M\u00fc\u015fteri odakl\u0131 yakla\u015f\u0131m<\/li>\n<\/ul>\n\n\n\n<p>Siz de temizlikte fark yaratan bir hizmet ar\u0131yorsan\u0131z, do\u011fru yerdesiniz.<br><strong>ALFA Temizlik Hizmetleri \u2013 Temizli\u011fin G\u00fcvencesi<\/strong><\/p>\n","protected":false},"excerpt":{"rendered":"<p>Hakk\u0131m\u0131zda ALFA Temizlik Hizmetleri olarak temizlik anlay\u0131\u015f\u0131m\u0131z\u0131; g\u00fcven, titizlik ve m\u00fc\u015fteri memnuniyeti \u00fczerine kurduk. Ev ve i\u015f yerlerinizi hijyenik, ferah ve ya\u015fanabilir alanlara d\u00f6n\u00fc\u015ft\u00fcrmek i\u00e7in profesyonel \u00e7\u00f6z\u00fcmler sunuyoruz. Kuruldu\u011fumuz g\u00fcnden bu yana, alan\u0131nda deneyimli ve g\u00fcler y\u00fczl\u00fc ekibimizle ev temizli\u011fi, hal\u0131fleks y\u0131kama ve koltuk y\u0131kama hizmetlerinde kalite standartlar\u0131n\u0131 her ge\u00e7en g\u00fcn daha da y\u00fckseltiyoruz. Kulland\u0131\u011f\u0131m\u0131z [&hellip;]<\/p>\n","protected":false},"author":1,"featured_media":0,"parent":0,"menu_order":0,"comment_status":"closed","ping_status":"closed","template":"","meta":{"footnotes":""},"class_list":["post-44","page","type-page","status-publish","hentry"],"_links":{"self":[{"href":"https:\/\/alfatemizlikhizmetleri.com\/index.php\/wp-json\/wp\/v2\/pages\/44","targetHints":{"allow":["GET"]}}],"collection":[{"href":"https:\/\/alfatemizlikhizmetleri.com\/index.php\/wp-json\/wp\/v2\/pages"}],"about":[{"href":"https:\/\/alfatemizlikhizmetleri.com\/index.php\/wp-json\/wp\/v2\/types\/page"}],"author":[{"embeddable":true,"href":"https:\/\/alfatemizlikhizmetleri.com\/index.php\/wp-json\/wp\/v2\/users\/1"}],"replies":[{"embeddable":true,"href":"https:\/\/alfatemizlikhizmetleri.com\/index.php\/wp-json\/wp\/v2\/comments?post=44"}],"version-history":[{"count":2,"href":"https:\/\/alfatemizlikhizmetleri.com\/index.php\/wp-json\/wp\/v2\/pages\/44\/revisions"}],"predecessor-version":[{"id":106,"href":"https:\/\/alfatemizlikhizmetleri.com\/index.php\/wp-json\/wp\/v2\/pages\/44\/revisions\/106"}],"wp:attachment":[{"href":"https:\/\/alfatemizlikhizmetleri.com\/index.php\/wp-json\/wp\/v2\/media?parent=44"}],"curies":[{"name":"wp","href":"https:\/\/api.w.org\/{rel}","templated":true}]}}