{"id":49,"date":"2025-07-30T18:41:57","date_gmt":"2025-07-30T15:41:57","guid":{"rendered":"https:\/\/alfatemizlikhizmetleri.com\/?page_id=49"},"modified":"2025-07-31T00:54:11","modified_gmt":"2025-07-30T21:54:11","slug":"hizmetlerimiz","status":"publish","type":"page","link":"https:\/\/alfatemizlikhizmetleri.com\/index.php\/hizmetlerimiz\/","title":{"rendered":"Hizmetlerimiz"},"content":{"rendered":"\n<div class=\"wp-block-group alignfull has-tertiary-background-color has-background has-global-padding is-layout-constrained wp-block-group-is-layout-constrained\" style=\"margin-top:0px;margin-bottom:0px;padding-top:var(--wp--preset--spacing--xx-large);padding-bottom:var(--wp--preset--spacing--xx-large)\">\n<div class=\"wp-block-group alignwide is-layout-flow wp-block-group-is-layout-flow\" style=\"padding-bottom:var(--wp--preset--spacing--medium)\">\n<div class=\"wp-block-columns are-vertically-aligned-bottom is-layout-flex wp-container-core-columns-is-layout-28f84493 wp-block-columns-is-layout-flex\">\n<div class=\"wp-block-column is-vertically-aligned-bottom is-layout-flow wp-block-column-is-layout-flow\">\n<h2 class=\"wp-block-heading has-x-large-font-size\" style=\"margin-top:0.25rem\">Ya\u015fam Alanlar\u0131n\u0131zda Profesyonel Temizlik<\/h2>\n<\/div>\n\n\n\n<div class=\"wp-block-column is-vertically-aligned-bottom is-layout-flow wp-block-column-is-layout-flow\">\n<p style=\"margin-bottom:0.65rem\">Ev temizli\u011fi, hal\u0131fleks ve koltuk y\u0131kama hizmetlerinde g\u00fcvenilir, hijyenik ve zaman\u0131nda \u00e7\u00f6z\u00fcmler.<\/p>\n<\/div>\n<\/div>\n<\/div>\n\n\n\n<div class=\"wp-block-group alignwide is-layout-flow wp-block-group-is-layout-flow\">\n<div class=\"wp-block-columns is-layout-flex wp-container-core-columns-is-layout-f619a8c7 wp-block-columns-is-layout-flex\">\n<div class=\"wp-block-column is-layout-flow wp-block-column-is-layout-flow\">\n<div class=\"wp-block-group has-background-background-color has-background has-global-padding is-layout-constrained wp-container-core-group-is-layout-4d32cd85 wp-block-group-is-layout-constrained\" style=\"border-radius:10px;min-height:100%;padding-top:var(--wp--preset--spacing--large);padding-right:var(--wp--preset--spacing--large);padding-bottom:var(--wp--preset--spacing--large);padding-left:var(--wp--preset--spacing--large)\">\n<h2 class=\"wp-block-heading has-medium-font-size\" style=\"margin-top:var(--wp--preset--spacing--xx-small);font-style:normal;font-weight:600\">\ud83c\udfe0 Ev Temizli\u011fi<\/h2>\n\n\n\n<p style=\"margin-top:var(--wp--preset--spacing--small)\">Ev temizli\u011fi hizmetimizle ya\u015fam alanlar\u0131n\u0131z\u0131 hijyenik, ferah ve sa\u011fl\u0131kl\u0131 hale getiriyoruz.<\/p>\n\n\n\n<div class=\"wp-block-buttons is-layout-flex wp-block-buttons-is-layout-flex\" style=\"margin-top:var(--wp--preset--spacing--small)\">\n<div class=\"wp-block-button is-style-link-only\"><a class=\"wp-block-button__link has-primary-color has-text-color has-background wp-element-button\" href=\"https:\/\/alfatemizlikhizmetleri.com\/index.php\/hizmetlerimiz\/ev-temizligi\/\" style=\"background-color:#ffffff00;padding-top:0px;padding-right:0px;padding-bottom:0px;padding-left:0px\">Devam\u0131n\u0131 oku \u2192<\/a><\/div>\n<\/div>\n<\/div>\n<\/div>\n\n\n\n<div class=\"wp-block-column is-layout-flow wp-block-column-is-layout-flow\">\n<div class=\"wp-block-group has-background-background-color has-background has-global-padding is-layout-constrained wp-container-core-group-is-layout-4d32cd85 wp-block-group-is-layout-constrained\" style=\"border-radius:10px;min-height:100%;padding-top:var(--wp--preset--spacing--large);padding-right:var(--wp--preset--spacing--large);padding-bottom:var(--wp--preset--spacing--large);padding-left:var(--wp--preset--spacing--large)\">\n<h2 class=\"wp-block-heading has-medium-font-size\" style=\"margin-top:var(--wp--preset--spacing--xx-small);font-style:normal;font-weight:600\">\ud83e\uddfc Hal\u0131fleks Y\u0131kama<\/h2>\n\n\n\n<p style=\"margin-top:var(--wp--preset--spacing--small)\">Zemin kaplamalar\u0131n\u0131zda biriken toz, bakteri ve lekeleri \u00f6zel ekipman ve profesyonel temizlik \u00fcr\u00fcnleriyle derinlemesine temizliyoruz.<\/p>\n\n\n\n<div class=\"wp-block-buttons is-layout-flex wp-block-buttons-is-layout-flex\" style=\"margin-top:var(--wp--preset--spacing--small)\">\n<div class=\"wp-block-button is-style-link-only\"><a class=\"wp-block-button__link has-primary-color has-text-color has-background wp-element-button\" href=\"https:\/\/alfatemizlikhizmetleri.com\/index.php\/halifleks-yikama\/\" style=\"background-color:#ffffff00;padding-top:0px;padding-right:0px;padding-bottom:0px;padding-left:0px\">Devam\u0131n\u0131 oku \u2192<\/a><\/div>\n<\/div>\n<\/div>\n<\/div>\n\n\n\n<div class=\"wp-block-column is-layout-flow wp-block-column-is-layout-flow\">\n<div class=\"wp-block-group has-background-background-color has-background has-global-padding is-layout-constrained wp-container-core-group-is-layout-4d32cd85 wp-block-group-is-layout-constrained\" style=\"border-radius:10px;min-height:100%;padding-top:var(--wp--preset--spacing--large);padding-right:var(--wp--preset--spacing--large);padding-bottom:var(--wp--preset--spacing--large);padding-left:var(--wp--preset--spacing--large)\">\n<h2 class=\"wp-block-heading has-medium-font-size\" style=\"margin-top:var(--wp--preset--spacing--xx-small);font-style:normal;font-weight:600\">\ud83e\ude91 Koltuk Y\u0131kama<\/h2>\n\n\n\n<p style=\"margin-top:var(--wp--preset--spacing--small)\">Koltuklar\u0131n\u0131zda zamanla olu\u015fan kir, leke ve k\u00f6t\u00fc kokulara profesyonel \u00e7\u00f6z\u00fcmler sunuyoruz.<\/p>\n\n\n\n<div class=\"wp-block-buttons is-layout-flex wp-block-buttons-is-layout-flex\" style=\"margin-top:var(--wp--preset--spacing--small)\">\n<div class=\"wp-block-button is-style-link-only\"><a class=\"wp-block-button__link has-primary-color has-text-color has-background wp-element-button\" href=\"https:\/\/alfatemizlikhizmetleri.com\/index.php\/koltuk-yikama\/\" style=\"background-color:#ffffff00;padding-top:0px;padding-right:0px;padding-bottom:0px;padding-left:0px\">Devam\u0131n\u0131 oku \u2192<\/a><\/div>\n<\/div>\n<\/div>\n<\/div>\n<\/div>\n<\/div>\n<\/div>\n","protected":false},"excerpt":{"rendered":"<p>Ya\u015fam Alanlar\u0131n\u0131zda Profesyonel Temizlik Ev temizli\u011fi, hal\u0131fleks ve koltuk y\u0131kama hizmetlerinde g\u00fcvenilir, hijyenik ve zaman\u0131nda \u00e7\u00f6z\u00fcmler. \ud83c\udfe0 Ev Temizli\u011fi Ev temizli\u011fi hizmetimizle ya\u015fam alanlar\u0131n\u0131z\u0131 hijyenik, ferah ve sa\u011fl\u0131kl\u0131 hale getiriyoruz. \ud83e\uddfc Hal\u0131fleks Y\u0131kama Zemin kaplamalar\u0131n\u0131zda biriken toz, bakteri ve lekeleri \u00f6zel ekipman ve profesyonel temizlik \u00fcr\u00fcnleriyle derinlemesine temizliyoruz. \ud83e\ude91 Koltuk Y\u0131kama Koltuklar\u0131n\u0131zda zamanla olu\u015fan kir, [&hellip;]<\/p>\n","protected":false},"author":1,"featured_media":0,"parent":0,"menu_order":0,"comment_status":"closed","ping_status":"closed","template":"","meta":{"footnotes":""},"class_list":["post-49","page","type-page","status-publish","hentry"],"_links":{"self":[{"href":"https:\/\/alfatemizlikhizmetleri.com\/index.php\/wp-json\/wp\/v2\/pages\/49","targetHints":{"allow":["GET"]}}],"collection":[{"href":"https:\/\/alfatemizlikhizmetleri.com\/index.php\/wp-json\/wp\/v2\/pages"}],"about":[{"href":"https:\/\/alfatemizlikhizmetleri.com\/index.php\/wp-json\/wp\/v2\/types\/page"}],"author":[{"embeddable":true,"href":"https:\/\/alfatemizlikhizmetleri.com\/index.php\/wp-json\/wp\/v2\/users\/1"}],"replies":[{"embeddable":true,"href":"https:\/\/alfatemizlikhizmetleri.com\/index.php\/wp-json\/wp\/v2\/comments?post=49"}],"version-history":[{"count":6,"href":"https:\/\/alfatemizlikhizmetleri.com\/index.php\/wp-json\/wp\/v2\/pages\/49\/revisions"}],"predecessor-version":[{"id":99,"href":"https:\/\/alfatemizlikhizmetleri.com\/index.php\/wp-json\/wp\/v2\/pages\/49\/revisions\/99"}],"wp:attachment":[{"href":"https:\/\/alfatemizlikhizmetleri.com\/index.php\/wp-json\/wp\/v2\/media?parent=49"}],"curies":[{"name":"wp","href":"https:\/\/api.w.org\/{rel}","templated":true}]}}