{"id":68,"date":"2025-07-30T23:59:02","date_gmt":"2025-07-30T20:59:02","guid":{"rendered":"https:\/\/alfatemizlikhizmetleri.com\/?page_id=68"},"modified":"2025-07-31T00:14:31","modified_gmt":"2025-07-30T21:14:31","slug":"ev-temizligi","status":"publish","type":"page","link":"https:\/\/alfatemizlikhizmetleri.com\/index.php\/hizmetlerimiz\/ev-temizligi\/","title":{"rendered":"Ev Temizli\u011fi"},"content":{"rendered":"\n<div class=\"wp-block-media-text is-stacked-on-mobile\"><figure class=\"wp-block-media-text__media\"><img loading=\"lazy\" decoding=\"async\" width=\"683\" height=\"1024\" src=\"https:\/\/alfatemizlikhizmetleri.com\/wp-content\/uploads\/2025\/07\/1000052279-683x1024.png\" alt=\"\" class=\"wp-image-71 size-full\" srcset=\"https:\/\/alfatemizlikhizmetleri.com\/wp-content\/uploads\/2025\/07\/1000052279-683x1024.png 683w, https:\/\/alfatemizlikhizmetleri.com\/wp-content\/uploads\/2025\/07\/1000052279-200x300.png 200w, https:\/\/alfatemizlikhizmetleri.com\/wp-content\/uploads\/2025\/07\/1000052279-768x1152.png 768w, https:\/\/alfatemizlikhizmetleri.com\/wp-content\/uploads\/2025\/07\/1000052279.png 1024w\" sizes=\"auto, (max-width: 683px) 100vw, 683px\" \/><\/figure><div class=\"wp-block-media-text__content\">\n<p>\ud83c\udfe0 <strong>Ev Temizli\u011fi<\/strong><\/p>\n\n\n\n<p>Ev temizli\u011fi hizmetimizle ya\u015fam alanlar\u0131n\u0131z\u0131 hijyenik, ferah ve sa\u011fl\u0131kl\u0131 hale getiriyoruz. Deneyimli personelimiz, detayl\u0131 temizlik anlay\u0131\u015f\u0131yla mutfaktan banyoya, camlardan zeminlere kadar evinizin her k\u00f6\u015fesini titizlikle temizler. G\u00fcnl\u00fck, haftal\u0131k veya ayl\u0131k periyotlarla d\u00fczenli temizlik se\u00e7enekleri sunuyoruz. Temiz bir ev, huzurlu bir ya\u015fam\u0131n temelidir!<\/p>\n\n\n\n<p>Randevu olu\u015fturmak ya da teklif istemek i\u00e7in bizimle ileti\u015fime ge\u00e7ebilirsiniz. Profesyonel ve g\u00fcler y\u00fczl\u00fc ekibimiz size en k\u0131sa s\u00fcrede d\u00f6n\u00fc\u015f yapacakt\u0131r.<\/p>\n\n\n\n<p>\ud83d\udcf1Osman Bey \u2013 <a href=\"tel:05525082034\">0552 508 20 34<\/a><\/p>\n\n\n\n<p>\ud83d\udcf1Beg\u00fcl Han\u0131m \u2013 <a href=\"tel:05316550596\">0531 655 05 96<\/a><\/p>\n<\/div><\/div>\n","protected":false},"excerpt":{"rendered":"<p>\ud83c\udfe0 Ev Temizli\u011fi Ev temizli\u011fi hizmetimizle ya\u015fam alanlar\u0131n\u0131z\u0131 hijyenik, ferah ve sa\u011fl\u0131kl\u0131 hale getiriyoruz. Deneyimli personelimiz, detayl\u0131 temizlik anlay\u0131\u015f\u0131yla mutfaktan banyoya, camlardan zeminlere kadar evinizin her k\u00f6\u015fesini titizlikle temizler. G\u00fcnl\u00fck, haftal\u0131k veya ayl\u0131k periyotlarla d\u00fczenli temizlik se\u00e7enekleri sunuyoruz. Temiz bir ev, huzurlu bir ya\u015fam\u0131n temelidir! Randevu olu\u015fturmak ya da teklif istemek i\u00e7in bizimle ileti\u015fime ge\u00e7ebilirsiniz. [&hellip;]<\/p>\n","protected":false},"author":1,"featured_media":0,"parent":49,"menu_order":0,"comment_status":"closed","ping_status":"closed","template":"","meta":{"footnotes":""},"class_list":["post-68","page","type-page","status-publish","hentry"],"_links":{"self":[{"href":"https:\/\/alfatemizlikhizmetleri.com\/index.php\/wp-json\/wp\/v2\/pages\/68","targetHints":{"allow":["GET"]}}],"collection":[{"href":"https:\/\/alfatemizlikhizmetleri.com\/index.php\/wp-json\/wp\/v2\/pages"}],"about":[{"href":"https:\/\/alfatemizlikhizmetleri.com\/index.php\/wp-json\/wp\/v2\/types\/page"}],"author":[{"embeddable":true,"href":"https:\/\/alfatemizlikhizmetleri.com\/index.php\/wp-json\/wp\/v2\/users\/1"}],"replies":[{"embeddable":true,"href":"https:\/\/alfatemizlikhizmetleri.com\/index.php\/wp-json\/wp\/v2\/comments?post=68"}],"version-history":[{"count":3,"href":"https:\/\/alfatemizlikhizmetleri.com\/index.php\/wp-json\/wp\/v2\/pages\/68\/revisions"}],"predecessor-version":[{"id":75,"href":"https:\/\/alfatemizlikhizmetleri.com\/index.php\/wp-json\/wp\/v2\/pages\/68\/revisions\/75"}],"up":[{"embeddable":true,"href":"https:\/\/alfatemizlikhizmetleri.com\/index.php\/wp-json\/wp\/v2\/pages\/49"}],"wp:attachment":[{"href":"https:\/\/alfatemizlikhizmetleri.com\/index.php\/wp-json\/wp\/v2\/media?parent=68"}],"curies":[{"name":"wp","href":"https:\/\/api.w.org\/{rel}","templated":true}]}}