{"id":77,"date":"2025-07-31T00:20:05","date_gmt":"2025-07-30T21:20:05","guid":{"rendered":"https:\/\/alfatemizlikhizmetleri.com\/?page_id=77"},"modified":"2025-07-31T00:56:16","modified_gmt":"2025-07-30T21:56:16","slug":"halifleks-yikama","status":"publish","type":"page","link":"https:\/\/alfatemizlikhizmetleri.com\/index.php\/halifleks-yikama\/","title":{"rendered":"Hal\u0131fleks Y\u0131kama"},"content":{"rendered":"\n<div class=\"wp-block-media-text is-stacked-on-mobile\" style=\"grid-template-columns:43% auto\"><figure class=\"wp-block-media-text__media\"><img loading=\"lazy\" decoding=\"async\" width=\"683\" height=\"1024\" src=\"https:\/\/alfatemizlikhizmetleri.com\/wp-content\/uploads\/2025\/07\/1000052280-683x1024.png\" alt=\"\" class=\"wp-image-78 size-full\" srcset=\"https:\/\/alfatemizlikhizmetleri.com\/wp-content\/uploads\/2025\/07\/1000052280-683x1024.png 683w, https:\/\/alfatemizlikhizmetleri.com\/wp-content\/uploads\/2025\/07\/1000052280-200x300.png 200w, https:\/\/alfatemizlikhizmetleri.com\/wp-content\/uploads\/2025\/07\/1000052280-768x1152.png 768w, https:\/\/alfatemizlikhizmetleri.com\/wp-content\/uploads\/2025\/07\/1000052280.png 1024w\" sizes=\"auto, (max-width: 683px) 100vw, 683px\" \/><\/figure><div class=\"wp-block-media-text__content\">\n<p>\ud83e\uddfc <strong>Hal\u0131fleks Y\u0131kama<\/strong><\/p>\n\n\n\n<p>Zemin kaplamalar\u0131n\u0131zda biriken toz, bakteri ve lekeleri \u00f6zel ekipman ve profesyonel temizlik \u00fcr\u00fcnleriyle derinlemesine temizliyoruz. Hal\u0131fleks y\u0131kama hizmetimiz sayesinde hal\u0131lar\u0131n\u0131z ilk g\u00fcnk\u00fc canl\u0131l\u0131\u011f\u0131na kavu\u015fur. Yerinde veya at\u00f6lyemizde uygulad\u0131\u011f\u0131m\u0131z sistemlerle hem hijyen sa\u011flar hem de kuma\u015f dokusunu koruruz.<\/p>\n\n\n\n<p>Randevu olu\u015fturmak ya da teklif istemek i\u00e7in bizimle ileti\u015fime ge\u00e7ebilirsiniz. Profesyonel ve g\u00fcler y\u00fczl\u00fc ekibimiz size en k\u0131sa s\u00fcrede d\u00f6n\u00fc\u015f yapacakt\u0131r.<\/p>\n\n\n\n<p>\ud83d\udcf1Osman Bey \u2013 <a href=\"tel:05525082034\">0552 508 20 34<\/a><\/p>\n\n\n\n<p>\ud83d\udcf1Beg\u00fcl Han\u0131m \u2013 <a href=\"tel:05316550596\">0531 655 05 96<\/a><\/p>\n<\/div><\/div>\n","protected":false},"excerpt":{"rendered":"<p>\ud83e\uddfc Hal\u0131fleks Y\u0131kama Zemin kaplamalar\u0131n\u0131zda biriken toz, bakteri ve lekeleri \u00f6zel ekipman ve profesyonel temizlik \u00fcr\u00fcnleriyle derinlemesine temizliyoruz. Hal\u0131fleks y\u0131kama hizmetimiz sayesinde hal\u0131lar\u0131n\u0131z ilk g\u00fcnk\u00fc canl\u0131l\u0131\u011f\u0131na kavu\u015fur. Yerinde veya at\u00f6lyemizde uygulad\u0131\u011f\u0131m\u0131z sistemlerle hem hijyen sa\u011flar hem de kuma\u015f dokusunu koruruz. Randevu olu\u015fturmak ya da teklif istemek i\u00e7in bizimle ileti\u015fime ge\u00e7ebilirsiniz. Profesyonel ve g\u00fcler y\u00fczl\u00fc ekibimiz [&hellip;]<\/p>\n","protected":false},"author":1,"featured_media":0,"parent":0,"menu_order":0,"comment_status":"closed","ping_status":"closed","template":"","meta":{"footnotes":""},"class_list":["post-77","page","type-page","status-publish","hentry"],"_links":{"self":[{"href":"https:\/\/alfatemizlikhizmetleri.com\/index.php\/wp-json\/wp\/v2\/pages\/77","targetHints":{"allow":["GET"]}}],"collection":[{"href":"https:\/\/alfatemizlikhizmetleri.com\/index.php\/wp-json\/wp\/v2\/pages"}],"about":[{"href":"https:\/\/alfatemizlikhizmetleri.com\/index.php\/wp-json\/wp\/v2\/types\/page"}],"author":[{"embeddable":true,"href":"https:\/\/alfatemizlikhizmetleri.com\/index.php\/wp-json\/wp\/v2\/users\/1"}],"replies":[{"embeddable":true,"href":"https:\/\/alfatemizlikhizmetleri.com\/index.php\/wp-json\/wp\/v2\/comments?post=77"}],"version-history":[{"count":3,"href":"https:\/\/alfatemizlikhizmetleri.com\/index.php\/wp-json\/wp\/v2\/pages\/77\/revisions"}],"predecessor-version":[{"id":101,"href":"https:\/\/alfatemizlikhizmetleri.com\/index.php\/wp-json\/wp\/v2\/pages\/77\/revisions\/101"}],"wp:attachment":[{"href":"https:\/\/alfatemizlikhizmetleri.com\/index.php\/wp-json\/wp\/v2\/media?parent=77"}],"curies":[{"name":"wp","href":"https:\/\/api.w.org\/{rel}","templated":true}]}}