{"id":84,"date":"2025-07-31T00:27:26","date_gmt":"2025-07-30T21:27:26","guid":{"rendered":"https:\/\/alfatemizlikhizmetleri.com\/?page_id=84"},"modified":"2025-07-31T00:52:31","modified_gmt":"2025-07-30T21:52:31","slug":"koltuk-yikama","status":"publish","type":"page","link":"https:\/\/alfatemizlikhizmetleri.com\/index.php\/koltuk-yikama\/","title":{"rendered":"Koltuk Y\u0131kama"},"content":{"rendered":"\n<div class=\"wp-block-media-text is-stacked-on-mobile is-vertically-aligned-center\" style=\"grid-template-columns:35% auto\"><figure class=\"wp-block-media-text__media\"><img loading=\"lazy\" decoding=\"async\" width=\"683\" height=\"1024\" src=\"https:\/\/alfatemizlikhizmetleri.com\/wp-content\/uploads\/2025\/07\/1000052281-683x1024.png\" alt=\"\" class=\"wp-image-85 size-full\" srcset=\"https:\/\/alfatemizlikhizmetleri.com\/wp-content\/uploads\/2025\/07\/1000052281-683x1024.png 683w, https:\/\/alfatemizlikhizmetleri.com\/wp-content\/uploads\/2025\/07\/1000052281-200x300.png 200w, https:\/\/alfatemizlikhizmetleri.com\/wp-content\/uploads\/2025\/07\/1000052281-768x1152.png 768w, https:\/\/alfatemizlikhizmetleri.com\/wp-content\/uploads\/2025\/07\/1000052281.png 1024w\" sizes=\"auto, (max-width: 683px) 100vw, 683px\" \/><\/figure><div class=\"wp-block-media-text__content\">\n<p>\ud83e\ude91 <strong>Koltuk Y\u0131kama<\/strong><\/p>\n\n\n\n<p>Koltuklar\u0131n\u0131zda zamanla olu\u015fan kir, leke ve k\u00f6t\u00fc kokulara profesyonel \u00e7\u00f6z\u00fcmler sunuyoruz. Kuma\u015f yap\u0131s\u0131na \u00f6zel geli\u015ftirilmi\u015f temizleyicilerle koltuklar\u0131n\u0131z\u0131 yerinde y\u0131k\u0131yor, k\u0131sa s\u00fcrede kurumas\u0131n\u0131 sa\u011fl\u0131yoruz. Anti-alerjik ve sa\u011fl\u0131\u011fa uygun temizlik maddeleriyle \u00e7ocuklar\u0131n\u0131z ve evcil hayvanlar\u0131n\u0131z i\u00e7in g\u00fcvenli ortam olu\u015fturuyoruz.<\/p>\n\n\n\n<p>Randevu olu\u015fturmak ya da teklif istemek i\u00e7in bizimle ileti\u015fime ge\u00e7ebilirsiniz. Profesyonel ve g\u00fcler y\u00fczl\u00fc ekibimiz size en k\u0131sa s\u00fcrede d\u00f6n\u00fc\u015f yapacakt\u0131r.<\/p>\n\n\n\n<p>\ud83d\udcf1Osman Bey \u2013&nbsp;<a href=\"tel:05525082034\">0552 508 20 34<\/a><\/p>\n\n\n\n<p>\ud83d\udcf1Beg\u00fcl Han\u0131m \u2013&nbsp;<a href=\"tel:05316550596\">0531 655 05 96<\/a><\/p>\n<\/div><\/div>\n","protected":false},"excerpt":{"rendered":"<p>\ud83e\ude91 Koltuk Y\u0131kama Koltuklar\u0131n\u0131zda zamanla olu\u015fan kir, leke ve k\u00f6t\u00fc kokulara profesyonel \u00e7\u00f6z\u00fcmler sunuyoruz. Kuma\u015f yap\u0131s\u0131na \u00f6zel geli\u015ftirilmi\u015f temizleyicilerle koltuklar\u0131n\u0131z\u0131 yerinde y\u0131k\u0131yor, k\u0131sa s\u00fcrede kurumas\u0131n\u0131 sa\u011fl\u0131yoruz. Anti-alerjik ve sa\u011fl\u0131\u011fa uygun temizlik maddeleriyle \u00e7ocuklar\u0131n\u0131z ve evcil hayvanlar\u0131n\u0131z i\u00e7in g\u00fcvenli ortam olu\u015fturuyoruz. Randevu olu\u015fturmak ya da teklif istemek i\u00e7in bizimle ileti\u015fime ge\u00e7ebilirsiniz. Profesyonel ve g\u00fcler y\u00fczl\u00fc ekibimiz [&hellip;]<\/p>\n","protected":false},"author":1,"featured_media":0,"parent":0,"menu_order":0,"comment_status":"closed","ping_status":"closed","template":"","meta":{"footnotes":""},"class_list":["post-84","page","type-page","status-publish","hentry"],"_links":{"self":[{"href":"https:\/\/alfatemizlikhizmetleri.com\/index.php\/wp-json\/wp\/v2\/pages\/84","targetHints":{"allow":["GET"]}}],"collection":[{"href":"https:\/\/alfatemizlikhizmetleri.com\/index.php\/wp-json\/wp\/v2\/pages"}],"about":[{"href":"https:\/\/alfatemizlikhizmetleri.com\/index.php\/wp-json\/wp\/v2\/types\/page"}],"author":[{"embeddable":true,"href":"https:\/\/alfatemizlikhizmetleri.com\/index.php\/wp-json\/wp\/v2\/users\/1"}],"replies":[{"embeddable":true,"href":"https:\/\/alfatemizlikhizmetleri.com\/index.php\/wp-json\/wp\/v2\/comments?post=84"}],"version-history":[{"count":5,"href":"https:\/\/alfatemizlikhizmetleri.com\/index.php\/wp-json\/wp\/v2\/pages\/84\/revisions"}],"predecessor-version":[{"id":98,"href":"https:\/\/alfatemizlikhizmetleri.com\/index.php\/wp-json\/wp\/v2\/pages\/84\/revisions\/98"}],"wp:attachment":[{"href":"https:\/\/alfatemizlikhizmetleri.com\/index.php\/wp-json\/wp\/v2\/media?parent=84"}],"curies":[{"name":"wp","href":"https:\/\/api.w.org\/{rel}","templated":true}]}}